{"id":173,"date":"2014-10-19T19:51:20","date_gmt":"2014-10-19T19:51:20","guid":{"rendered":"http:\/\/www.9musses.gr\/gr\/?page_id=173"},"modified":"2025-06-20T11:19:34","modified_gmt":"2025-06-20T09:19:34","slug":"9-%ce%bc%ce%bf%cf%8d%cf%83%ce%b5%cf%82-%cf%83%cf%84%ce%b7-%ce%b9%cf%83%cf%84%ce%bf%cf%81%ce%af%ce%b1","status":"publish","type":"page","link":"https:\/\/www.9musses.gr\/tr\/?page_id=173","title":{"rendered":"Tarihteki 9 \u0130lham Perisi"},"content":{"rendered":"<div class=\"wpb-content-wrapper\">[vc_row][vc_column][vc_column_text css=&#8221;&#8221;]\n<p style=\"text-align: center;\" align=\"center\">Antik Yunan mitolojisinde ilham perileri dokuz antik tanr\u0131\u00e7ayd\u0131. Liderleri Apollon&#8217;du.<\/p>\n<p style=\"text-align: center;\">Hesiod&#8217;un Theogony&#8217;sine g\u00f6re, Zeus ve Mnemosyne&#8217;nin k\u0131zlar\u0131yd\u0131.<\/p>\n<p>Daha spesifik olmak gerekirse, 9 ilham perisi\u2026<\/p>\n<ul>\n<li><a href=\"https:\/\/en.wikipedia.org\/wiki\/Calliope\"><span style=\"color: #ff6600;\">Kalliope<\/span><\/a> (destans\u0131 \u015fiir)<img loading=\"lazy\" decoding=\"async\" class=\"size-medium wp-image-539 alignright\" src=\"https:\/\/www.9musses.gr\/tr\/wp-content\/uploads\/2023\/08\/9muses-300x143.jpg\" alt=\"\" width=\"300\" height=\"143\" srcset=\"https:\/\/www.9musses.gr\/tr\/wp-content\/uploads\/2023\/08\/9muses-300x143.jpg 300w, https:\/\/www.9musses.gr\/tr\/wp-content\/uploads\/2023\/08\/9muses.jpg 500w\" sizes=\"auto, (max-width: 300px) 100vw, 300px\" \/><\/li>\n<li><a href=\"https:\/\/en.wikipedia.org\/wiki\/Euterpe\"><span style=\"color: #ff6600;\">Euterpe<\/span><\/a> (m\u00fczik)<\/li>\n<li><a href=\"https:\/\/en.wikipedia.org\/wiki\/Clio\"><span style=\"color: #ff6600;\">Clio<\/span><\/a> (tarih)<\/li>\n<li><a href=\"https:\/\/en.wikipedia.org\/wiki\/Erato\"><span style=\"color: #ff6600;\">Erato<\/span><\/a> (lirik \u015fiir)<\/li>\n<li><a href=\"https:\/\/en.wikipedia.org\/wiki\/Melpomene\"><span style=\"color: #ff6600;\">Melpomene<\/span><\/a> (trajedi)<\/li>\n<li><a href=\"https:\/\/en.wikipedia.org\/wiki\/Polyhymnia\"><span style=\"color: #ff6600;\">Polyhymnia<\/span><\/a> (koro \u015fiiri)<\/li>\n<li><a href=\"https:\/\/en.wikipedia.org\/wiki\/Terpsichore\"><span style=\"color: #ff6600;\">Terpsichore<\/span><\/a> (dans)<\/li>\n<li><a href=\"https:\/\/en.wikipedia.org\/wiki\/Thalia_(Muse)\"><span style=\"color: #ff6600;\">Thalia<\/span><\/a> (komedi)<\/li>\n<li><a href=\"https:\/\/en.wikipedia.org\/wiki\/Urania\"><span style=\"color: #ff6600;\">Urania<\/span><\/a> (astronomi)<\/li>\n<\/ul>\n<p style=\"text-align: center;\"><span style=\"color: #ff0000;\">(Daha fazla bilgi edinmek i\u00e7in her isme t\u0131klay\u0131n)<\/span><\/p>\n<p style=\"text-align: center;\"><strong><a href=\"https:\/\/en.wikipedia.org\/wiki\/Sappho\"><span style=\"color: #ff0000;\">Sappho<\/span><\/a> (10. ilham perisi)<\/strong><\/p>\n<p style=\"text-align: justify;\" align=\"center\"><img loading=\"lazy\" decoding=\"async\" class=\"alignleft\" src=\"https:\/\/www.9musses.gr\/tr\/wp-content\/uploads\/2023\/08\/sapho1.jpg\" alt=\"\" width=\"192\" height=\"182\" align=\"right\" \/><img loading=\"lazy\" decoding=\"async\" class=\"alignright\" src=\"https:\/\/www.9musses.gr\/tr\/wp-content\/uploads\/2023\/08\/sapho2.jpg\" alt=\"\" width=\"196\" height=\"186\" align=\"right\" \/><\/p>\n<p style=\"text-align: justify;\">Sappho, Lesbos adas\u0131nda do\u011fmu\u015f bir Antik Yunan \u015fairiydi. Daha sonraki Yunanl\u0131lar onu dokuz lirik \u015fair listesine dahil ettiler. Do\u011fumu M\u00d6 630 ile 612 y\u0131llar\u0131 aras\u0131ndayd\u0131 ve M\u00d6 570 civar\u0131nda \u00f6ld\u00fc\u011f\u00fc s\u00f6yleniyor, ancak hayat\u0131 hakk\u0131nda kesin olarak \u00e7ok az \u015fey biliniyor. Antik \u00e7a\u011f boyunca iyi bilinen ve b\u00fcy\u00fck hayranl\u0131k duyulan \u015fiirlerinin b\u00fcy\u00fck k\u0131sm\u0131 kaybolmu\u015ftur, ancak muazzam \u00fcn\u00fc hayatta kalan par\u00e7alar arac\u0131l\u0131\u011f\u0131yla devam etmi\u015ftir.<\/p>\n<ul>\n<li style=\"text-align: justify;\">Sappho&#8217;nun \u015fiiri \u00e7e\u015fitli ki\u015filere ve her iki cinsiyete duyulan tutku ve a\u015fk \u00fczerine yo\u011funla\u015f\u0131r. Lezbiyen kelimesi, do\u011fdu\u011fu ada olan Lesbos&#8217;tan t\u00fcremi\u015ftir, ayn\u0131 zamanda onun ad\u0131 sapphic kelimesinin de k\u00f6kenidir; her iki kelime de yaln\u0131zca 19. y\u00fczy\u0131ldan itibaren kad\u0131n e\u015fcinselli\u011fi i\u00e7in kullan\u0131lm\u0131\u015ft\u0131r. \u015eiirlerinin \u00e7o\u011funun anlat\u0131c\u0131lar\u0131 \u00e7e\u015fitli kad\u0131nlara duyulan tutku ve a\u015fktan (bazen kar\u015f\u0131l\u0131ks\u0131z, bazen kar\u015f\u0131l\u0131ks\u0131z) bahseder, ancak kad\u0131nlar aras\u0131ndaki fiziksel hareketlerin tasvirleri azd\u0131r ve tart\u0131\u015fmaya a\u00e7\u0131kt\u0131r.<\/li>\n<li style=\"text-align: justify;\">Bu \u015fiirlerin otobiyografik olup olmad\u0131\u011f\u0131 bilinmemekle birlikte, Sappho&#8217;nun hayat\u0131n\u0131n di\u011fer b\u00f6l\u00fcmlerinin unsurlar\u0131 eserlerinde yer al\u0131r ve bu yak\u0131n kar\u015f\u0131la\u015fmalar\u0131n \u015fiirsel olarak ifade edilmesi onun tarz\u0131yla uyumlu olurdu. Homoerotika&#8217;s\u0131 M\u00d6 yedinci y\u00fczy\u0131l ba\u011flam\u0131na yerle\u015ftirilmelidir. Alcaeus ve daha sonra Pindar&#8217;\u0131n \u015fiirleri, belirli bir \u00e7evrenin \u00fcyeleri aras\u0131ndaki benzer romantik ba\u011flar\u0131 kaydeder.<\/li>\n<\/ul>\n[\/vc_column_text][\/vc_column][\/vc_row]\n<\/div>","protected":false},"excerpt":{"rendered":"<p>[vc_row][vc_column][vc_column_text css=&#8221;&#8221;] Antik Yunan mitolojisinde ilham perileri dokuz antik tanr\u0131\u00e7ayd\u0131. Liderleri Apollon&#8217;du. Hesiod&#8217;un Theogony&#8217;sine g\u00f6re, Zeus ve Mnemosyne&#8217;nin k\u0131zlar\u0131yd\u0131. Daha spesifik olmak gerekirse, 9 ilham perisi\u2026 Kalliope (destans\u0131 \u015fiir) Euterpe (m\u00fczik) Clio (tarih) Erato (lirik \u015fiir) Melpomene (trajedi) Polyhymnia (koro \u015fiiri) Terpsichore (dans) Thalia (komedi) Urania (astronomi) (Daha fazla bilgi edinmek i\u00e7in her isme t\u0131klay\u0131n)&hellip;<\/p>\n","protected":false},"author":1,"featured_media":0,"parent":170,"menu_order":0,"comment_status":"closed","ping_status":"closed","template":"","meta":{"footnotes":""},"class_list":["post-173","page","type-page","status-publish","hentry","description-off"],"_links":{"self":[{"href":"https:\/\/www.9musses.gr\/tr\/index.php?rest_route=\/wp\/v2\/pages\/173","targetHints":{"allow":["GET"]}}],"collection":[{"href":"https:\/\/www.9musses.gr\/tr\/index.php?rest_route=\/wp\/v2\/pages"}],"about":[{"href":"https:\/\/www.9musses.gr\/tr\/index.php?rest_route=\/wp\/v2\/types\/page"}],"author":[{"embeddable":true,"href":"https:\/\/www.9musses.gr\/tr\/index.php?rest_route=\/wp\/v2\/users\/1"}],"replies":[{"embeddable":true,"href":"https:\/\/www.9musses.gr\/tr\/index.php?rest_route=%2Fwp%2Fv2%2Fcomments&post=173"}],"version-history":[{"count":18,"href":"https:\/\/www.9musses.gr\/tr\/index.php?rest_route=\/wp\/v2\/pages\/173\/revisions"}],"predecessor-version":[{"id":745,"href":"https:\/\/www.9musses.gr\/tr\/index.php?rest_route=\/wp\/v2\/pages\/173\/revisions\/745"}],"up":[{"embeddable":true,"href":"https:\/\/www.9musses.gr\/tr\/index.php?rest_route=\/wp\/v2\/pages\/170"}],"wp:attachment":[{"href":"https:\/\/www.9musses.gr\/tr\/index.php?rest_route=%2Fwp%2Fv2%2Fmedia&parent=173"}],"curies":[{"name":"wp","href":"https:\/\/api.w.org\/{rel}","templated":true}]}}