{"id":66,"date":"2014-10-19T16:56:20","date_gmt":"2014-10-19T16:56:20","guid":{"rendered":"http:\/\/www.9musses.gr\/gr\/?page_id=66"},"modified":"2025-06-20T11:23:43","modified_gmt":"2025-06-20T09:23:43","slug":"studio%cf%82-%cf%84%cf%8d%cf%80%ce%bf%cf%82-%ce%b2","status":"publish","type":"page","link":"https:\/\/www.9musses.gr\/tr\/?page_id=66","title":{"rendered":"St\u00fcdyo Tip B"},"content":{"rendered":"<div class=\"wpb-content-wrapper\">[vc_row][vc_column][vc_media_grid element_width=&#8221;2&#8243; grid_id=&#8221;vc_gid:1750411384609-82e44d82-4059-7&#8243; include=&#8221;678,685,686,687,689,691,692,693,679,680,681,682,688,690,683,684&#8243;][\/vc_column][\/vc_row][vc_row][vc_column width=&#8221;1\/2&#8243;][vc_column_text css=&#8221;&#8221;]\n<p style=\"text-align: center;\">TV Plazma<br \/>\nWiFi \u0130nternet<br \/>\nKlima<br \/>\nTost Makinesi<br \/>\nKahve Makinesi<br \/>\nPlajda \u00fccretsiz \u015femsiye ve \u015fezlonglar<\/p>\n[\/vc_column_text][\/vc_column][vc_column width=&#8221;1\/2&#8243;][vc_column_text css=&#8221;&#8221;]\n<p style=\"text-align: center;\">Buzdolab\u0131<br \/>\nSu Kazan\u0131<br \/>\nKahve-\u00c7ay Gere\u00e7leri<br \/>\nSa\u00e7 Kurutma Makinesi<br \/>\nBalkon veya Teras<br \/>\nHidromasaj (en \u00fcst kat)<\/p>\n[\/vc_column_text][\/vc_column][\/vc_row]\n<\/div>","protected":false},"excerpt":{"rendered":"<p>[vc_row][vc_column][vc_media_grid element_width=&#8221;2&#8243; grid_id=&#8221;vc_gid:1750411384609-82e44d82-4059-7&#8243; include=&#8221;678,685,686,687,689,691,692,693,679,680,681,682,688,690,683,684&#8243;][\/vc_column][\/vc_row][vc_row][vc_column width=&#8221;1\/2&#8243;][vc_column_text css=&#8221;&#8221;] TV Plazma WiFi \u0130nternet Klima Tost Makinesi Kahve Makinesi Plajda \u00fccretsiz \u015femsiye ve \u015fezlonglar [\/vc_column_text][\/vc_column][vc_column width=&#8221;1\/2&#8243;][vc_column_text css=&#8221;&#8221;] Buzdolab\u0131 Su Kazan\u0131 Kahve-\u00c7ay Gere\u00e7leri Sa\u00e7 Kurutma Makinesi Balkon veya Teras Hidromasaj (en \u00fcst kat) [\/vc_column_text][\/vc_column][\/vc_row]<\/p>\n","protected":false},"author":1,"featured_media":0,"parent":43,"menu_order":0,"comment_status":"closed","ping_status":"closed","template":"","meta":{"footnotes":""},"class_list":["post-66","page","type-page","status-publish","hentry","description-off"],"_links":{"self":[{"href":"https:\/\/www.9musses.gr\/tr\/index.php?rest_route=\/wp\/v2\/pages\/66","targetHints":{"allow":["GET"]}}],"collection":[{"href":"https:\/\/www.9musses.gr\/tr\/index.php?rest_route=\/wp\/v2\/pages"}],"about":[{"href":"https:\/\/www.9musses.gr\/tr\/index.php?rest_route=\/wp\/v2\/types\/page"}],"author":[{"embeddable":true,"href":"https:\/\/www.9musses.gr\/tr\/index.php?rest_route=\/wp\/v2\/users\/1"}],"replies":[{"embeddable":true,"href":"https:\/\/www.9musses.gr\/tr\/index.php?rest_route=%2Fwp%2Fv2%2Fcomments&post=66"}],"version-history":[{"count":8,"href":"https:\/\/www.9musses.gr\/tr\/index.php?rest_route=\/wp\/v2\/pages\/66\/revisions"}],"predecessor-version":[{"id":752,"href":"https:\/\/www.9musses.gr\/tr\/index.php?rest_route=\/wp\/v2\/pages\/66\/revisions\/752"}],"up":[{"embeddable":true,"href":"https:\/\/www.9musses.gr\/tr\/index.php?rest_route=\/wp\/v2\/pages\/43"}],"wp:attachment":[{"href":"https:\/\/www.9musses.gr\/tr\/index.php?rest_route=%2Fwp%2Fv2%2Fmedia&parent=66"}],"curies":[{"name":"wp","href":"https:\/\/api.w.org\/{rel}","templated":true}]}}